{"id":14,"date":"2020-02-21T14:28:55","date_gmt":"2020-02-21T13:28:55","guid":{"rendered":"http:\/\/www.institut-lechappee-belle.com\/?page_id=14"},"modified":"2025-01-26T10:19:53","modified_gmt":"2025-01-26T09:19:53","slug":"accueil","status":"publish","type":"page","link":"http:\/\/www.institut-lechappee-belle.com\/","title":{"rendered":"Bienvenue"},"content":{"rendered":"\n<div class=\"wp-block-group\"><div class=\"wp-block-group__inner-container is-layout-flow wp-block-group-is-layout-flow\">\n<h2 class=\"wp-block-heading\">\ud83c\udf3f<em>Ici le temps marque une pause, la v\u00f4tre<\/em><strong>\ud83c\udf3f<\/strong><\/h2>\n\n\n\n<p>Bienvenue \u00e0 L\u2019Institut de Beaut\u00e9 L\u2019\u00e9chapp\u00e9e Belle<\/p>\n\n\n\n<p>Depuis maintenant 9 ans, L\u2019Echapp\u00e9e Belle est enti\u00e8rement d\u00e9di\u00e9 \u00e0&nbsp;<br>votre bien-\u00eatre sur mesure. En passant la porte, nous mettons tout en&nbsp;<br>oeuvre pour que vous l\u00e2chiez prise avec douceur, bienveillance, \u00e9coute&nbsp;<br>et conseils.\ud83d\udc86\u200d\u2640\ufe0f<\/p>\n\n\n\n<p>Venez d\u00e9couvrir nos soins de haute qualit\u00e9 100% Fran\u00e7ais :&nbsp;&nbsp;<\/p>\n\n\n\n<p>GUINOT pour les soins visages, soins corps, soins minceur,&nbsp;<br>Couleur Caramel pour le maquillage<\/p>\n\n\n\n<p>Fille au Pluriel pour les \u00e9pilations : avec ces cires nouvelle g\u00e9n\u00e9ration l&rsquo;\u00e9pilation devient un soin!<\/p>\n\n\n\n<p>Huiles de massages Naturelles et Bio.<\/p>\n\n\n\n<p>Une petite \u00ab&nbsp;\u00e9chapp\u00e9e&nbsp;\u00bb, une petite envol\u00e9e, hors de quotidien\u2026<br>Nous courrons toutes et tous apr\u00e8s le temps\u2026<br>Ici, le temps marquera une pause, la v\u00f4tre.<\/p>\n\n\n\n<p>M\u00e9lanie&nbsp; &nbsp; \ud83c\udf3f<\/p>\n<\/div><\/div>\n","protected":false},"excerpt":{"rendered":"<p>\ud83c\udf3fIci le temps marque une pause, la v\u00f4tre\ud83c\udf3f Bienvenue \u00e0 L\u2019Institut de Beaut\u00e9 L\u2019\u00e9chapp\u00e9e Belle Depuis maintenant 9 ans, L\u2019Echapp\u00e9e Belle est enti\u00e8rement d\u00e9di\u00e9 \u00e0&nbsp;votre bien-\u00eatre sur mesure. En passant la porte, nous mettons tout en&nbsp;oeuvre pour que vous l\u00e2chiez prise avec douceur, bienveillance, \u00e9coute&nbsp;et conseils.\ud83d\udc86\u200d\u2640\ufe0f Venez d\u00e9couvrir nos soins de haute qualit\u00e9 100% Fran\u00e7ais &hellip; <\/p>\n<p class=\"link-more\"><a href=\"http:\/\/www.institut-lechappee-belle.com\/\" class=\"more-link\">Continuer la lecture<span class=\"screen-reader-text\"> de &laquo;&nbsp;Bienvenue&nbsp;&raquo;<\/span><\/a><\/p>\n","protected":false},"author":1,"featured_media":0,"parent":0,"menu_order":0,"comment_status":"closed","ping_status":"closed","template":"","meta":{"footnotes":""},"class_list":["post-14","page","type-page","status-publish","hentry"],"jetpack_sharing_enabled":true,"_links":{"self":[{"href":"http:\/\/www.institut-lechappee-belle.com\/index.php?rest_route=\/wp\/v2\/pages\/14","targetHints":{"allow":["GET"]}}],"collection":[{"href":"http:\/\/www.institut-lechappee-belle.com\/index.php?rest_route=\/wp\/v2\/pages"}],"about":[{"href":"http:\/\/www.institut-lechappee-belle.com\/index.php?rest_route=\/wp\/v2\/types\/page"}],"author":[{"embeddable":true,"href":"http:\/\/www.institut-lechappee-belle.com\/index.php?rest_route=\/wp\/v2\/users\/1"}],"replies":[{"embeddable":true,"href":"http:\/\/www.institut-lechappee-belle.com\/index.php?rest_route=%2Fwp%2Fv2%2Fcomments&post=14"}],"version-history":[{"count":13,"href":"http:\/\/www.institut-lechappee-belle.com\/index.php?rest_route=\/wp\/v2\/pages\/14\/revisions"}],"predecessor-version":[{"id":368,"href":"http:\/\/www.institut-lechappee-belle.com\/index.php?rest_route=\/wp\/v2\/pages\/14\/revisions\/368"}],"wp:attachment":[{"href":"http:\/\/www.institut-lechappee-belle.com\/index.php?rest_route=%2Fwp%2Fv2%2Fmedia&parent=14"}],"curies":[{"name":"wp","href":"https:\/\/api.w.org\/{rel}","templated":true}]}}